{"id":298,"date":"2022-07-18T12:56:53","date_gmt":"2022-07-18T12:56:53","guid":{"rendered":"https:\/\/brampeper.com\/?page_id=298"},"modified":"2026-04-07T20:41:07","modified_gmt":"2026-04-07T20:41:07","slug":"media-in-dutch","status":"publish","type":"page","link":"https:\/\/brampeper.com\/?page_id=298","title":{"rendered":"Media (in Dutch)"},"content":{"rendered":"\n<h2 class=\"wp-block-heading\">KRANTEN \/ TIJDSCHRIFTEN \/ DIGITALE MEDIA<\/h2>\n\n\n\n<p>2026 &#8211; <a href=\"https:\/\/universonline.nl\/nieuws\/2026\/04\/07\/de-heiligverklaring-van-elvis-hoe-een-eenvoudige-jongen-een-hele-generatie-bekeerde-tot-de-rock-n-roll\/\" data-type=\"link\" data-id=\"https:\/\/universonline.nl\/nieuws\/2026\/04\/07\/de-heiligverklaring-van-elvis-hoe-een-eenvoudige-jongen-een-hele-generatie-bekeerde-tot-de-rock-n-roll\/\" target=\"_blank\" rel=\"noreferrer noopener\">De heiligverklaring van Elvis: hoe een eenvoudige jongen een hele generatie bekeerde tot de rock \u2018n roll<\/a> (Universe Online)<\/p>\n\n\n\n<p>2026 &#8211;<a href=\"https:\/\/archive.ph\/Efp7M#selection-673.0-673.73\" target=\"_blank\" rel=\"noreferrer noopener\"> We voelen ons steeds onveiliger, maar de misdaadcijfers zeggen wat anders<\/a> BN\/De Stem (2 maart 2026)<\/p>\n\n\n\n<p>2025 &#8211; <a href=\"https:\/\/universonline.nl\/nieuws\/2025\/11\/27\/te-jong-of-te-oud-voor-het-torentje-wat-leeftijd-echt-zegt-over-een-premier\/\" target=\"_blank\" rel=\"noreferrer noopener\">Te jong of te oud voor het Torentje? Wat leeftijd echt zegt over een premier<\/a> (Universe Online)<\/p>\n\n\n\n<p>2025 &#8211; <a href=\"https:\/\/www.quest.nl\/maatschappij\/cultuur\/a69273503\/ben-je-rijk-individualistisch-en-tegen-oorlog-oke-jij-bent-duidelijk-een-boomer\/\" target=\"_blank\" rel=\"noreferrer noopener\">Ben je rijk, individualistisch en tegen oorlog? Ok\u00e9, jij bent duidelijk een boomer<\/a> &#8211; Quest (10 november 2025)<\/p>\n\n\n\n<p><\/p>\n\n\n\n<p>2025 &#8211; <a href=\"https:\/\/youtu.be\/SdHjLpvefZU?si=N8-W_BrAIM9O2uI9\" target=\"_blank\" rel=\"noreferrer noopener\">Lecture: Nostalgia &amp; Pop Music<\/a> on YouTube (Studium Generale \u2013 Tilburg University)<\/p>\n\n\n\n<figure class=\"wp-block-embed is-type-video is-provider-youtube wp-block-embed-youtube wp-embed-aspect-16-9 wp-has-aspect-ratio\"><div class=\"wp-block-embed__wrapper\">\n<iframe loading=\"lazy\" title=\"Lecture: Nostalgia &amp; Pop Music \u2013 Studium Generale \u2013 Tilburg University\" width=\"584\" height=\"329\" src=\"https:\/\/www.youtube.com\/embed\/SdHjLpvefZU?feature=oembed\" frameborder=\"0\" allow=\"accelerometer; autoplay; clipboard-write; encrypted-media; gyroscope; picture-in-picture; web-share\" referrerpolicy=\"strict-origin-when-cross-origin\" allowfullscreen><\/iframe>\n<\/div><\/figure>\n\n\n\n<p>2025 &#8211; <a href=\"https:\/\/universonline.nl\/nieuws\/2025\/04\/15\/van-boomers-tot-gen-zers-zijn-ze-echt-zo-verschillend\/\" target=\"_blank\" rel=\"noreferrer noopener\">Van boomers tot Gen Z\u2019ers: zijn ze echt zo verschillend?<\/a> (Universe Online)<\/p>\n\n\n\n<figure class=\"wp-block-embed is-type-video is-provider-youtube wp-block-embed-youtube wp-embed-aspect-16-9 wp-has-aspect-ratio\"><div class=\"wp-block-embed__wrapper\">\n<iframe loading=\"lazy\" title=\"Zijn Gen Z en Millennials echt zo verschillend?!\" width=\"584\" height=\"329\" src=\"https:\/\/www.youtube.com\/embed\/utT1hYZPPn0?feature=oembed\" frameborder=\"0\" allow=\"accelerometer; autoplay; clipboard-write; encrypted-media; gyroscope; picture-in-picture; web-share\" referrerpolicy=\"strict-origin-when-cross-origin\" allowfullscreen><\/iframe>\n<\/div><figcaption class=\"wp-element-caption\">2004 &#8211; Generaties, bestaan ze eigenlijk wel? Boomers, zoomers, millennials en xennials. We vinden het heerlijk om elkaar in te delen in generaties. Maar zegt de generatie waartoe je behoort echt iets over je identiteit? En bestaan deze labeltjes volgens de wetenschap eigenlijk wel? We vragen het gen-x\u2019er Bram Peper. Socioloog aan Tilburg University. (Universiteit van Nederland)<\/figcaption><\/figure>\n\n\n\n<p><\/p>\n\n\n\n<p>2024 &#8211; <a href=\"https:\/\/universonline.nl\/nieuws\/2024\/12\/17\/het-jaar-afsluiten-met-de-top-2000-muziek-geeft-houvast-in-onzekere-tijden\/\" target=\"_blank\" rel=\"noreferrer noopener\">Het jaar afsluiten met de Top 2000<\/a> (Universe Online).<\/p>\n\n\n\n<p>2024 &#8211; <a href=\"https:\/\/universonline.nl\/nieuws\/2024\/11\/27\/dansen-met-docenten-cafe-studio-deint-op-de-beats-van-dj-hi-tone-tijdens-night-of-the-profs\/\" target=\"_blank\" rel=\"noreferrer noopener\">Dansen met docenten. Night of the Profs<\/a>. Universe Online<\/p>\n\n\n\n<p>2024 &#8211; <a href=\"https:\/\/archive.ph\/oQNLA#selection-1693.0-1693.67\" data-type=\"link\" data-id=\"https:\/\/archive.ph\/oQNLA#selection-1693.0-1693.67\" target=\"_blank\" rel=\"noreferrer noopener\">Tussen open armen en knokploegen: de tweestrijd van Sint Willebrord<\/a> (BN De Stem)<\/p>\n\n\n\n<p>2024 &#8211; <a href=\"http:\/\/brampeper.com\/wp-content\/uploads\/2024\/03\/Universitaire-taalstrijd-is-te-laat-we-zijn-cultureel-al-verengelst-NRC-28-2-2024.pdf\" target=\"_blank\" rel=\"noreferrer noopener\">Universitaire taalstrijd is te laat: we zijn cultureel al verengelst<\/a> (NRC)<\/p>\n\n\n\n<p>2023 &#8211; <a rel=\"noreferrer noopener\" href=\"https:\/\/www.andc.tv\/body-en-mind\/PRMG-weer-een-kutkerst-we-hebben-van-alles-geprobeerd-maar-het-is-nooit-echt\" data-type=\"link\" data-id=\"https:\/\/www.andc.tv\/body-en-mind\/PRMG-weer-een-kutkerst-we-hebben-van-alles-geprobeerd-maar-het-is-nooit-echt\" target=\"_blank\">W\u00e9\u00e9r een kutkerst: &#8216;We hebben van alles geprobeerd, maar het is nooit \u00e9cht gezellig&#8217;<\/a> (&amp;C)<\/p>\n\n\n\n<p>2022 &#8211; <a rel=\"noreferrer noopener\" href=\"https:\/\/www.nu.nl\/algemeen\/6237510\/leven-als-een-jonge-oma-dit-houdt-de-grandma-era-trend-op-tiktok-in.html\" target=\"_blank\">Leven als een jonge oma: dit houdt de &#8216;grandma era&#8217;-trend op TikTok in<\/a> (NU.nl)<\/p>\n\n\n\n<p>2022 &#8211; <a rel=\"noreferrer noopener\" href=\"http:\/\/brampeper.com\/wp-content\/uploads\/2022\/07\/2022-De-verloren-generatie-HP_De-Tijd-Blendle.pdf\" target=\"_blank\">De verloren generatie<\/a> (HP\/De Tijd)<\/p>\n\n\n\n<p>2022 &#8211; <a href=\"https:\/\/universonline.nl\/nieuws\/2022\/06\/30\/wokeness-op-de-universiteit-wat-merken-docenten-aan-tilburg-university-ervan\/\" target=\"_blank\" rel=\"noreferrer noopener\">Wokeness\u2019 op de universiteit <\/a>(Universe online)<\/p>\n\n\n\n<p>2022 &#8211; <a rel=\"noreferrer noopener\" href=\"http:\/\/brampeper.com\/wp-content\/uploads\/2022\/07\/2022-Oekraine-bij-onze-dodenherdenking_-Daar-zit-niet-iedereen-in-West-Brabant-op-te-wachten-_-Breda-_-bndestem.nl_.pdf\" target=\"_blank\">Oekraine bij onze dodenherdenking <\/a>(BN De Stem)<\/p>\n\n\n\n<p>2021 &#8211;<a href=\"https:\/\/universonline.nl\/nieuws\/2021\/01\/28\/socioloog-bram-peper-over-de-avondklokrellen-rutte-gaat-voorbij-aan-de-maatschappelijke-aspecten-die-erachter-liggen\/\" target=\"_blank\" rel=\"noreferrer noopener\"> Over de avondklokrellen<\/a> (Universe online)<\/p>\n\n\n\n<p>2017 &#8211; <a href=\"http:\/\/brampeper.com\/wp-content\/uploads\/2022\/07\/2017-Rollerdisco.pdf\" data-type=\"URL\" data-id=\"http:\/\/brampeper.com\/wp-content\/uploads\/2022\/07\/2017-Rollerdisco.pdf\" target=\"_blank\" rel=\"noreferrer noopener\">Rollerdisco<\/a> (L Magazine)<\/p>\n\n\n\n<p>2017 &#8211; <a href=\"https:\/\/universonline.nl\/nieuws\/2017\/02\/13\/negen-lessen-voor-de-millennial\/\" target=\"_blank\" rel=\"noreferrer noopener\">Negen lessen voor de millennial <\/a>(Universe Online)<\/p>\n\n\n\n<p>2016 &#8211; <a href=\"http:\/\/brampeper.com\/wp-content\/uploads\/2022\/07\/2016-161231-Werken-in-het-oog-van-de-storm-1.pdf\" target=\"_blank\" rel=\"noreferrer noopener\">Over de kantoortuin<\/a> (Het Financieele Dagblad)<\/p>\n\n\n\n<h2 class=\"wp-block-heading\">RADIO<\/h2>\n\n\n\n<p>2026 &#8211; <a href=\"https:\/\/www.nporadio1.nl\/fragmenten\/spraakmakers\/019d6165-a55f-726d-aca2-b1eb782b40a6\/2026-04-06-nostalgische-gevoelens-in-tijden-van-onzekerheid\" target=\"_blank\" rel=\"noreferrer noopener\">Nostalgische gevoelens in tijden van onzekerheid<\/a> &#8211; Spraakmakers NPO Radio 1 (6 april 2026)<\/p>\n\n\n\n<p>2025 &#8211; <a href=\"http:\/\/brampeper.com\/wp-content\/uploads\/2025\/09\/Delft-Centraal-Interview-over-generaties-17-september-2025.mp3\" target=\"_blank\" rel=\"noreferrer noopener\">Interview over generaties op de werkvloer<\/a> &#8211; Interview door Frans van Rijnswou. Omroep Delft (17 september 2025)<\/p>\n\n\n\n<p>2025 &#8211; <a href=\"https:\/\/www.nporadio1.nl\/fragmenten\/spraakmakers\/01987e31-5102-7378-975a-b20f9c42d4cb\/2025-08-06-we-moeten-stoppen-met-generatiedenken\" target=\"_blank\" rel=\"noreferrer noopener\">We moeten stoppen met generatiedenken<\/a> &#8211; Spraakmakers NPO Radio 1 (6 augustus 2025)<\/p>\n\n\n\n<p>2024 &#8211; <a href=\"https:\/\/www.nporadio2.nl\/fragmenten\/npo-radio-2-top-2000-stemweek\/9d9ca464-5bad-4826-b0e1-0a84210e2e70\/2024-11-30-socioloog-bram-peper-buigt-zich-over-ons-stemgedrag-in-de-top2000-stemweek\" target=\"_blank\" rel=\"noreferrer noopener\">De Top 2000 en nostalgie<\/a>. Spijkers met Koppen, BNN\/VARA (30 november 2024)<\/p>\n\n\n\n<p>2023 &#8211; <a href=\"https:\/\/soundcloud.com\/user-214818890\/2023-09-27-gesprek-bram-peper-joey-hut-en-frans-van-rijnswou?si=ca42697d51794981ade9320d787d4a1e&amp;utm_source=clipboard&amp;utm_medium=text&amp;utm_campaign=social_sharing\" target=\"_blank\" rel=\"noreferrer noopener\">Gesprek tussen socioloog Bram Peper en filosoof Joep Hut over de vraag of de overheid niet te groot wordt. Gespreksleider Frans van Rijnswou<\/a>. Omroep Delft.<\/p>\n\n\n\n<p>2021 &#8211; <a href=\"http:\/\/brampeper.com\/wp-content\/uploads\/2022\/07\/2021-Gaan-over-nostalgie-BNNVARA-7-december-2021-128kb.mp3\" target=\"_blank\" rel=\"noreferrer noopener\">Over nostalgie <\/a>(GAAN! &#8211; BNN\/VARA) &#8211; Rond kerst zijn we allemaal wat meer sentimenteel, en misschien zelfs een tikje nostalgisch. Maar waar komt dat gevoel nou vandaan en wat betekent nostalige precies? Ruben sprak met Socioloog Bram Peper. Hij heeft onderzoek gedaan naar het onderwerp nostalgie en weet precies wat deze complexe emotie met ons doet.&nbsp;Presentatie: Ruben van Haften.<\/p>\n\n\n\n<p>2018 &#8211; <a href=\"https:\/\/www.mixcloud.com\/drpepe\/history-of-go-go-dutch-radio-show-40up-radio-may-14-2018\/\" target=\"_blank\" rel=\"noreferrer noopener\">Geschiedenis van de go go funk uit Washington DC<\/a> (40 UP radio, 14 mei)<\/p>\n\n\n\n<p><\/p>\n\n\n\n<p><\/p>\n","protected":false},"excerpt":{"rendered":"<p>KRANTEN \/ TIJDSCHRIFTEN \/ DIGITALE MEDIA 2026 &#8211; De heiligverklaring van Elvis: hoe een eenvoudige jongen een hele generatie bekeerde tot de rock \u2018n roll (Universe Online) 2026 &#8211; We voelen ons steeds onveiliger, maar de misdaadcijfers zeggen wat anders &hellip; <a href=\"https:\/\/brampeper.com\/?page_id=298\">Lees verder <span class=\"meta-nav\">&rarr;<\/span><\/a><\/p>\n","protected":false},"author":1,"featured_media":0,"parent":0,"menu_order":0,"comment_status":"closed","ping_status":"closed","template":"","meta":{"footnotes":""},"class_list":["post-298","page","type-page","status-publish","hentry"],"_links":{"self":[{"href":"https:\/\/brampeper.com\/index.php?rest_route=\/wp\/v2\/pages\/298","targetHints":{"allow":["GET"]}}],"collection":[{"href":"https:\/\/brampeper.com\/index.php?rest_route=\/wp\/v2\/pages"}],"about":[{"href":"https:\/\/brampeper.com\/index.php?rest_route=\/wp\/v2\/types\/page"}],"author":[{"embeddable":true,"href":"https:\/\/brampeper.com\/index.php?rest_route=\/wp\/v2\/users\/1"}],"replies":[{"embeddable":true,"href":"https:\/\/brampeper.com\/index.php?rest_route=%2Fwp%2Fv2%2Fcomments&post=298"}],"version-history":[{"count":43,"href":"https:\/\/brampeper.com\/index.php?rest_route=\/wp\/v2\/pages\/298\/revisions"}],"predecessor-version":[{"id":458,"href":"https:\/\/brampeper.com\/index.php?rest_route=\/wp\/v2\/pages\/298\/revisions\/458"}],"wp:attachment":[{"href":"https:\/\/brampeper.com\/index.php?rest_route=%2Fwp%2Fv2%2Fmedia&parent=298"}],"curies":[{"name":"wp","href":"https:\/\/api.w.org\/{rel}","templated":true}]}}